{"id":653,"date":"2022-02-13T16:28:59","date_gmt":"2022-02-13T16:28:59","guid":{"rendered":"https:\/\/demo.creativethemes.com\/stagingfour\/?page_id=653"},"modified":"2026-01-26T17:07:07","modified_gmt":"2026-01-26T16:07:07","slug":"about","status":"publish","type":"page","link":"https:\/\/fabienne-b-hypnose.fr\/index.php\/about\/","title":{"rendered":"Hypnose r\u00e9gressive \u00e9volutive"},"content":{"rendered":"\n<div class=\"wp-block-stackable-text stk-block-text stk-block stk-52b477e\" data-block-id=\"52b477e\"><p class=\"stk-block-text__text has-text-align-justify\">L\u2019hypnose r\u00e9gressive \u00e9sot\u00e9rique ou \u00e9volutive est une m\u00e9thode qui permet de sortir d\u2019un cadre limit\u00e9, rationnel, pour aller au-del\u00e0 des peurs, des croyances, des programmes, etc. <\/p><\/div>\n\n\n\n<div class=\"wp-block-stackable-divider stk-block-divider stk-block stk-84297c4 stk-block-background is-style-bar\" data-block-id=\"84297c4\"><style>.stk-84297c4{background-color:transparent !important;margin-bottom:0px !important}.stk-84297c4:before{background-color:transparent !important}.stk-84297c4 hr.stk-block-divider__hr{background:var(--paletteColor1,#779393) !important;border-radius:calc(9px \/ 2) !important;height:9px !important;width:32% !important}<\/style><hr class=\"stk-block-divider__hr\"\/><\/div>\n\n\n\n<div class=\"wp-block-stackable-text stk-block-text stk-block stk-53557a8\" data-block-id=\"53557a8\"><p class=\"stk-block-text__text has-text-align-justify\">Quelle que soit l\u2019origine d\u2019un blocage, il y a une information (l\u2019information c\u2019est la lumi\u00e8re, l\u2019\u00e9clairage), un acc\u00e8s qui va permettre de le d\u00e9bloquer, avec souvent un effet boule de neige sur d\u2019autres probl\u00e9matiques.<\/p><\/div>\n\n\n\n<div class=\"wp-block-stackable-text stk-block-text stk-block stk-4f749f9\" data-block-id=\"4f749f9\"><p class=\"stk-block-text__text\"><\/p><\/div>\n\n\n\n<div class=\"wp-block-stackable-text stk-block-text stk-block stk-ff0cbfd\" data-block-id=\"ff0cbfd\"><p class=\"stk-block-text__text has-text-align-justify\"> C\u2019est comme un puzzle qui se compl\u00e8te, mais un puzzle multidimensionnel.<\/p><\/div>\n\n\n\n<p><\/p>\n\n\n\n<div class=\"wp-block-stackable-image stk-block-image stk-block stk-3a8ff32\" data-block-id=\"3a8ff32\"><style>.stk-3a8ff32{margin-bottom:28px !important}.stk-3a8ff32 .stk-img-wrapper{height:516px !important}.stk-3a8ff32 .stk-img-wrapper img{border-radius:50px !important;object-position:50% 81% !important}<\/style><figure class=\"stk-img-wrapper stk-image--shape-stretch\"><img loading=\"lazy\" decoding=\"async\" class=\"stk-img wp-image-864\" src=\"https:\/\/fabienne-b-hypnose.fr\/wp-content\/uploads\/2023\/12\/puzzle-2-scaled.jpg\" width=\"1707\" height=\"2560\" srcset=\"https:\/\/fabienne-b-hypnose.fr\/wp-content\/uploads\/2023\/12\/puzzle-2-scaled.jpg 1707w, https:\/\/fabienne-b-hypnose.fr\/wp-content\/uploads\/2023\/12\/puzzle-2-200x300.jpg 200w, https:\/\/fabienne-b-hypnose.fr\/wp-content\/uploads\/2023\/12\/puzzle-2-683x1024.jpg 683w, https:\/\/fabienne-b-hypnose.fr\/wp-content\/uploads\/2023\/12\/puzzle-2-768x1152.jpg 768w, https:\/\/fabienne-b-hypnose.fr\/wp-content\/uploads\/2023\/12\/puzzle-2-1024x1536.jpg 1024w, https:\/\/fabienne-b-hypnose.fr\/wp-content\/uploads\/2023\/12\/puzzle-2-1365x2048.jpg 1365w\" sizes=\"auto, (max-width: 1707px) 100vw, 1707px\" \/><\/figure><\/div>\n\n\n\n<div class=\"wp-block-stackable-divider stk-block-divider stk-block stk-fea6edb stk-block-background is-style-bar\" data-block-id=\"fea6edb\"><style>.stk-fea6edb{background-color:transparent !important;margin-bottom:0px !important}.stk-fea6edb:before{background-color:transparent !important}.stk-fea6edb hr.stk-block-divider__hr{background:var(--paletteColor1,#779393) !important;border-radius:calc(9px \/ 2) !important;height:9px !important;width:32% !important}<\/style><hr class=\"stk-block-divider__hr\"\/><\/div>\n\n\n\n<div class=\"wp-block-stackable-text stk-block-text stk-block stk-f2d47aa\" data-block-id=\"f2d47aa\"><p class=\"stk-block-text__text has-text-align-justify\">Cette m\u00e9thode s\u2019appuie sur des protocoles et permet de se lib\u00e9rer de blocages, de cette impression de tourner en rond. <\/p><\/div>\n\n\n\n<p><\/p>\n\n\n\n<div class=\"wp-block-stackable-text stk-block-text stk-block stk-7666323\" data-block-id=\"7666323\"><p class=\"stk-block-text__text has-text-align-justify\">Qu\u2019on y croie ou pas, cela fonctionne.<\/p><\/div>\n\n\n\n<div class=\"wp-block-stackable-text stk-block-text stk-block stk-944f4f1\" data-block-id=\"944f4f1\"><p class=\"stk-block-text__text has-text-align-justify\">Effet placebo&nbsp;? Oui, parfois, mais nous avons des r\u00e9sultats probants avec des enfants, des animaux, alors on peut plut\u00f4t parler d\u2019un mouvement de conscience.<\/p><\/div>\n\n\n\n<div class=\"wp-block-stackable-heading stk-block-heading stk-block-heading--v2 stk-block stk-5689ad4\" id=\"comment-se-deroule-une-session\" data-block-id=\"5689ad4\"><h4 class=\"stk-block-heading__text has-text-align-justify\">Comment se d\u00e9roule une session&nbsp;? <\/h4><\/div>\n\n\n\n<ul class=\"wp-block-list\">\n<li>Il y a d\u2019abord la prise de rendez-vous\u00a0: vous choisissez de faire une session avec un t\u00e9l\u00e9pathe qui va voir sur les plans subtils l\u2019origine de blocages (physiques, relationnels, professionnels), pourquoi on tourne en boucle, pourquoi on ne parvient pas \u00e0 se r\u00e9aliser. <\/li>\n\n\n\n<li>Toute question existentielle (hors croyance ou pratique religieuse) pourra \u00eatre abord\u00e9e avec un regard neutre, une autre vision permet d\u2019y voir plus clair. <\/li>\n\n\n\n<li>Une fois le rendez-vous fix\u00e9, je vous envoie un mail d\u00e9taill\u00e9 et explicatif. <\/li>\n\n\n\n<li>La session est r\u00e9alis\u00e9e sur Zoom\u00a0.<\/li>\n<\/ul>\n\n\n\n<div class=\"wp-block-stackable-text stk-block-text stk-block stk-37fc59f\" data-block-id=\"37fc59f\"><p class=\"stk-block-text__text has-text-align-justify\"><strong>Comment \u00e7a se passe ?<\/strong><\/p><\/div>\n\n\n\n<p>Quelques jours avant la session, je vous envoie un lien par mail pour vous connecter directement sur Zoom.<\/p>\n\n\n\n<p><strong>Puis :<\/strong><\/p>\n\n\n\n<ul class=\"wp-block-list\">\n<li>Le jour J, je vous appelle sur le lien que nous aurons \u00e9chang\u00e9 auparavant, il est important de v\u00e9rifier que tout fonctionne, nous pouvons faire un essai quelques jours avant si vous avez des doutes.<\/li>\n<\/ul>\n\n\n\n<ul class=\"wp-block-list\">\n<li>A la suite de la session pendant l\u2019\u00e9tape de la m\u00e9tabolisation (int\u00e9gration des nouvelles conditions) il est possible d\u2019en parler ensemble, et aussi avec les t\u00e9l\u00e9pathes pour r\u00e9pondre \u00e0 vos questions si n\u00e9cessaire.<\/li>\n<\/ul>\n\n\n\n<div class=\"wp-block-stackable-divider stk-block-divider stk-block stk-7b50493 stk-block-background is-style-bar\" data-block-id=\"7b50493\"><style>.stk-7b50493{background-color:transparent !important;margin-bottom:0px !important}.stk-7b50493:before{background-color:transparent !important}.stk-7b50493 hr.stk-block-divider__hr{background:var(--paletteColor1,#779393) !important;border-radius:calc(9px \/ 2) !important;height:9px !important;width:32% !important}<\/style><hr class=\"stk-block-divider__hr\"\/><\/div>\n\n\n\n<div class=\"wp-block-stackable-text stk-block-text stk-block stk-003c29c\" data-block-id=\"003c29c\"><p class=\"stk-block-text__text has-text-align-justify\">C\u2019est une \u00e9tape importante qui se produit \u00e0 votre propre rythme, cela peut prendre de 1 jour \u00e0 plusieurs mois, mais prenez conscience que nous vivons des changements chaque jour, chaque minute, nous nous adaptons sans cesse, cela est naturel.<\/p><\/div>\n\n\n\n<div class=\"wp-block-stackable-divider stk-block-divider stk-block stk-822ba28 stk-block-background is-style-bar\" data-block-id=\"822ba28\"><style>.stk-822ba28{background-color:transparent !important;margin-bottom:0px !important}.stk-822ba28:before{background-color:transparent !important}.stk-822ba28 hr.stk-block-divider__hr{background:var(--paletteColor1,#779393) !important;border-radius:calc(9px \/ 2) !important;height:9px !important;width:32% !important}<\/style><hr class=\"stk-block-divider__hr\"\/><\/div>\n\n\n\n<p>Pendant ce processus, il est important de tenir compte de ces quelques conseils&nbsp;:<\/p>\n\n\n\n<div class=\"wp-block-stackable-heading stk-block-heading stk-block-heading--v2 stk-block stk-101b88d\" id=\"span-style-text-decoration-underline-evitez-de-span\" data-block-id=\"101b88d\"><h6 class=\"stk-block-heading__text\"><span style=\"text-decoration: underline;\">Evitez de&nbsp;:<\/span><\/h6><\/div>\n\n\n\n<p><\/p>\n\n\n\n<ul class=\"wp-block-list\">\n<li>Consulter un m\u00e9dium, une voyante<\/li>\n<\/ul>\n\n\n\n<p><\/p>\n\n\n\n<ul class=\"wp-block-list\">\n<li>Faire un soin \u00e9nerg\u00e9tique<\/li>\n<\/ul>\n\n\n\n<div class=\"wp-block-stackable-heading stk-block-heading stk-block-heading--v2 stk-block stk-06c0bea\" id=\"span-style-text-decoration-underline-votre-attitude-span\" data-block-id=\"06c0bea\"><h6 class=\"stk-block-heading__text\"><span style=\"text-decoration: underline;\">Votre attitude&nbsp;:<\/span><\/h6><\/div>\n\n\n\n<p><\/p>\n\n\n\n<ul class=\"wp-block-list\">\n<li>Soyez confiant<\/li>\n<\/ul>\n\n\n\n<ul class=\"wp-block-list\">\n<li>Prenez l\u2019habitude de prendre conscience des pens\u00e9es qui sont la plupart du temps influenc\u00e9es par l\u2019astral<\/li>\n<\/ul>\n\n\n\n<ul class=\"wp-block-list\">\n<li>Dire non et d\u00e9finir vos limites<\/li>\n<\/ul>\n\n\n\n<ul class=\"wp-block-list\">\n<li>D\u00e9clarer r\u00e9guli\u00e8rement que vous n\u2019autorisez aucune ing\u00e9rence dans votre espace<\/li>\n<\/ul>\n\n\n\n<div class=\"wp-block-stackable-text stk-block-text stk-block stk-5415f18\" data-block-id=\"5415f18\"><style>.stk-5415f18{margin-bottom:133px !important}<\/style><p class=\"stk-block-text__text\"><\/p><\/div>\n","protected":false},"excerpt":{"rendered":"<p>L\u2019hypnose r\u00e9gressive \u00e9sot\u00e9rique ou \u00e9volutive est une m\u00e9thode qui permet de sortir d\u2019un cadre limit\u00e9, rationnel, pour aller au-del\u00e0 des peurs, des croyances, des programmes, etc. Quelle que soit l\u2019origine d\u2019un blocage, il y a une information (l\u2019information c\u2019est la lumi\u00e8re, l\u2019\u00e9clairage), un acc\u00e8s qui va permettre de le d\u00e9bloquer, avec souvent un effet boule [&hellip;]<\/p>\n","protected":false},"author":1,"featured_media":0,"parent":0,"menu_order":0,"comment_status":"closed","ping_status":"closed","template":"","meta":{"footnotes":""},"class_list":["post-653","page","type-page","status-publish","hentry"],"blocksy_meta":{"styles_descriptor":{"styles":{"desktop":"[data-prefix=\"single_page\"] .entry-header .page-title {--fontSize:30px;} [data-prefix=\"single_page\"] .entry-header .entry-meta {--fontWeight:600;--textTransform:uppercase;--fontSize:12px;--lineHeight:1.3;} [data-prefix=\"single_page\"] .hero-section[data-type=\"type-2\"] {--min-height:10px;background-color:var(--paletteColor8);background-image:none;--container-padding:50px 0;}","tablet":"","mobile":""},"google_fonts":[],"version":5},"page_title_panel":"","has_hero_section":"enabled","47531c9cc24d272b4d5f42bbe4da8bf0":"","hero_section":"type-2","hero_elements":[{"id":"custom_title","enabled":true,"heading_tag":"h1","title":"Home","__id":"OkriWGLsQ5w2MHOyo1uFf"},{"id":"custom_description","enabled":false,"description_visibility":{"desktop":true,"tablet":true,"mobile":false},"__id":"KZovwwQoYJGpTJ3UNNuI3"},{"id":"custom_meta","enabled":false,"meta_elements":[{"id":"author","enabled":true,"label":"By","has_author_avatar":"yes","avatar_size":25},{"id":"post_date","enabled":true,"label":"On","date_format_source":"default","date_format":"M j, Y"},{"id":"updated_date","enabled":false,"label":"On","date_format_source":"default","date_format":"M j, Y"},{"id":"categories","enabled":false,"label":"In","style":"simple"},{"id":"comments","enabled":true}],"page_meta_elements":{"joined":true,"articles_count":true,"comments":true},"__id":"mQwE-msGqbNyufAAPH7aV"},{"id":"breadcrumbs","enabled":false,"__id":"WLkpUVlzCP98hV-kO1WYP"}],"87e21737c292eae681d6ec0215eb693f":"","hero_alignment1":"CT_CSS_SKIP_RULE","hero_margin":40,"hero_alignment2":"center","hero_vertical_alignment":"center","3c44f083dba4ae4a5300852a19810df6":"","hero_structure":"narrow","2b10ef27fe875036f9badb2e7195347f":"","page_title_bg_type":"color","custom_hero_background":{"attachment_id":null},"parallax":{"desktop":false,"tablet":false,"mobile":false},"a86842ac07b9b2c9e49287abd318936e":"","hero_height":{"desktop":"10px","tablet":"10px","mobile":"10px","__changed":[]},"pageTitleFont":{"family":"Default","variation":"Default","size":"30px","line-height":"CT_CSS_SKIP_RULE","letter-spacing":"CT_CSS_SKIP_RULE","text-transform":"CT_CSS_SKIP_RULE","text-decoration":"CT_CSS_SKIP_RULE"},"pageTitleFontColor":{"default":{"color":"CT_CSS_SKIP_RULEDEFAULT"}},"pageMetaFont":{"family":"Default","variation":"n6","size":"12px","line-height":"1.3","letter-spacing":"CT_CSS_SKIP_RULE","text-transform":"uppercase","text-decoration":"CT_CSS_SKIP_RULE"},"pageMetaFontColor":{"default":{"color":"CT_CSS_SKIP_RULEDEFAULT"},"hover":{"color":"CT_CSS_SKIP_RULEDEFAULT"}},"page_meta_button_type_font_colors":{"default":{"color":"CT_CSS_SKIP_RULEDEFAULT"},"hover":{"color":"CT_CSS_SKIP_RULEDEFAULT"}},"page_meta_button_type_background_colors":{"default":{"color":"CT_CSS_SKIP_RULEDEFAULT"},"hover":{"color":"CT_CSS_SKIP_RULEDEFAULT"}},"pageExcerptFont":{"family":"Default","variation":"Default","size":"CT_CSS_SKIP_RULE","line-height":"CT_CSS_SKIP_RULE","letter-spacing":"CT_CSS_SKIP_RULE","text-transform":"CT_CSS_SKIP_RULE","text-decoration":"CT_CSS_SKIP_RULE"},"pageExcerptColor":{"default":{"color":"CT_CSS_SKIP_RULEDEFAULT"}},"breadcrumbsFont":{"family":"Default","variation":"Default","size":"CT_CSS_SKIP_RULE","line-height":"CT_CSS_SKIP_RULE","letter-spacing":"CT_CSS_SKIP_RULE","text-transform":"CT_CSS_SKIP_RULE","text-decoration":"CT_CSS_SKIP_RULE"},"breadcrumbsFontColor":{"default":{"color":"CT_CSS_SKIP_RULEDEFAULT"},"initial":{"color":"CT_CSS_SKIP_RULEDEFAULT"},"hover":{"color":"CT_CSS_SKIP_RULEDEFAULT"}},"pageTitleOverlay":{"background_type":"color","background_pattern":"type-1","background_image":{"attachment_id":null,"x":0,"y":0},"gradient":"linear-gradient(135deg,rgba(6,147,227,1) 0%,rgb(155,81,224) 100%)","background_repeat":"repeat","background_size":"auto","background_attachment":"scroll","patternColor":{"default":{"color":"#e5e7ea"}},"overlayColor":{"default":{"color":"CT_CSS_SKIP_RULE"}},"backgroundColor":{"default":{"color":"CT_CSS_SKIP_RULE"}}},"pageTitleBackground":{"background_type":"color","background_pattern":"type-1","background_image":{"attachment_id":null,"x":0,"y":0},"gradient":"linear-gradient(135deg,rgba(6,147,227,1) 0%,rgb(155,81,224) 100%)","background_repeat":"repeat","background_size":"auto","background_attachment":"scroll","patternColor":{"default":{"color":"#e5e7ea"}},"overlayColor":{"default":{"color":"CT_CSS_SKIP_RULE"}},"backgroundColor":{"default":{"color":"var(--paletteColor8)"}}},"pageTitlePadding":{"top":"50px","bottom":"50px","left":"auto","right":"auto","linked":true},"7ceb88a653c0308f310135f4d8d70830":"","page_structure_type":"type-3","b6f2461d9e56992dd665c88b2bfaeb75":"","content_style_source":"inherit","content_style":"wide","vertical_spacing_source":"custom","content_area_spacing":"none","background":{"background_type":"color","background_pattern":"type-1","background_image":{"attachment_id":null,"x":0,"y":0},"gradient":"linear-gradient(135deg,rgba(6,147,227,1) 0%,rgb(155,81,224) 100%)","background_repeat":"repeat","background_size":"auto","background_attachment":"scroll","patternColor":{"default":{"color":"#e5e7ea"}},"overlayColor":{"default":{"color":"CT_CSS_SKIP_RULE"}},"backgroundColor":{"default":{"color":"CT_CSS_SKIP_RULE"}}},"content_background":{"background_type":"color","background_pattern":"type-1","background_image":{"attachment_id":null,"x":0,"y":0},"gradient":"linear-gradient(135deg,rgba(6,147,227,1) 0%,rgb(155,81,224) 100%)","background_repeat":"repeat","background_size":"auto","background_attachment":"scroll","patternColor":{"default":{"color":"#e5e7ea"}},"overlayColor":{"default":{"color":"CT_CSS_SKIP_RULE"}},"backgroundColor":{"default":{"color":"var(--paletteColor8)"}}},"content_boxed_shadow":{"inherit":false,"blur":18,"spread":-6,"v_offset":12,"h_offset":0,"inset":false,"enable":true,"color":{"color":"rgba(34, 56, 101, 0.04)"}},"boxed_content_spacing":{"desktop":{"top":"40px","bottom":"40px","left":"40px","right":"40px","linked":true},"tablet":{"top":"35px","bottom":"35px","left":"35px","right":"35px","linked":true},"mobile":{"top":"20px","bottom":"20px","left":"20px","right":"20px","linked":true}},"content_boxed_radius":{"top":"3px","bottom":"3px","left":"3px","right":"3px","linked":true},"4cf193c4caaee4a2ef3bf4f68039811c":"","disable_featured_image":"no","disable_share_box":"no","disable_header":"no","disable_footer":"no"},"featured_image_urls":{"full":"","thumbnail":"","medium":"","medium_large":"","large":"","1536x1536":"","2048x2048":""},"post_excerpt_stackable":"<p>L\u2019hypnose r\u00e9gressive \u00e9sot\u00e9rique ou \u00e9volutive est une m\u00e9thode qui permet de sortir d\u2019un cadre limit\u00e9, rationnel, pour aller au-del\u00e0 des peurs, des croyances, des programmes, etc. Quelle que soit l\u2019origine d\u2019un blocage, il y a une information (l\u2019information c\u2019est la lumi\u00e8re, l\u2019\u00e9clairage), un acc\u00e8s qui va permettre de le d\u00e9bloquer, avec souvent un effet boule de neige sur d\u2019autres probl\u00e9matiques. C\u2019est comme un puzzle qui se compl\u00e8te, mais un puzzle multidimensionnel. Cette m\u00e9thode s\u2019appuie sur des protocoles et permet de se lib\u00e9rer de blocages, de cette impression de tourner en rond. Qu\u2019on y croie ou pas, cela fonctionne. Effet placebo&nbsp;?&hellip;<\/p>\n","category_list":"","author_info":{"name":"admin4081","url":"https:\/\/fabienne-b-hypnose.fr\/index.php\/author\/admin4081\/"},"comments_num":"0 comments","_links":{"self":[{"href":"https:\/\/fabienne-b-hypnose.fr\/index.php\/wp-json\/wp\/v2\/pages\/653","targetHints":{"allow":["GET"]}}],"collection":[{"href":"https:\/\/fabienne-b-hypnose.fr\/index.php\/wp-json\/wp\/v2\/pages"}],"about":[{"href":"https:\/\/fabienne-b-hypnose.fr\/index.php\/wp-json\/wp\/v2\/types\/page"}],"author":[{"embeddable":true,"href":"https:\/\/fabienne-b-hypnose.fr\/index.php\/wp-json\/wp\/v2\/users\/1"}],"replies":[{"embeddable":true,"href":"https:\/\/fabienne-b-hypnose.fr\/index.php\/wp-json\/wp\/v2\/comments?post=653"}],"version-history":[{"count":19,"href":"https:\/\/fabienne-b-hypnose.fr\/index.php\/wp-json\/wp\/v2\/pages\/653\/revisions"}],"predecessor-version":[{"id":1053,"href":"https:\/\/fabienne-b-hypnose.fr\/index.php\/wp-json\/wp\/v2\/pages\/653\/revisions\/1053"}],"wp:attachment":[{"href":"https:\/\/fabienne-b-hypnose.fr\/index.php\/wp-json\/wp\/v2\/media?parent=653"}],"curies":[{"name":"wp","href":"https:\/\/api.w.org\/{rel}","templated":true}]}}