{"id":656,"date":"2022-02-13T16:39:26","date_gmt":"2022-02-13T16:39:26","guid":{"rendered":"https:\/\/demo.creativethemes.com\/stagingfour\/?page_id=656"},"modified":"2023-12-04T19:21:09","modified_gmt":"2023-12-04T18:21:09","slug":"home","status":"publish","type":"page","link":"https:\/\/fabienne-b-hypnose.fr\/","title":{"rendered":"Fabienne Brial"},"content":{"rendered":"\n<div class=\"wp-block-stackable-heading stk-block-heading stk-block-heading--v2 stk-block stk-3c67c13\" id=\"fabienne-brial\" data-block-id=\"3c67c13\"><style>.stk-3c67c13{min-height:82px !important;margin-top:100px !important}.stk-3c67c13 .stk-block-heading__text{font-size:48px !important}@media screen and (max-width:1023px){.stk-3c67c13 .stk-block-heading__text{font-size:48px !important}}<\/style><h2 class=\"stk-block-heading__text has-text-align-center stk-block-heading--use-theme-margins\">Fabienne Brial<\/h2><\/div>\n\n\n\n<div class=\"wp-block-stackable-text stk-block-text stk-block stk-4b69d03\" data-block-id=\"4b69d03\"><p class=\"stk-block-text__text\"><\/p><\/div>\n\n\n\n<div class=\"wp-block-stackable-divider stk-block-divider stk-block stk-9f2acfe is-style-bar\" data-block-id=\"9f2acfe\"><style>.stk-9f2acfe{margin-bottom:20px !important}.stk-9f2acfe hr.stk-block-divider__hr{background:var(--paletteColor2,#4b7878) !important;border-radius:calc(4px \/ 2) !important;height:4px !important;width:5% !important}<\/style><hr class=\"stk-block-divider__hr\"\/><\/div>\n\n\n\n<p>Un peu de mon parcours : je pratique les soins \u00e9nerg\u00e9tiques depuis plusieurs ann\u00e9es en direct.<\/p>\n\n\n\n<p>Un jour, je d\u00e9couvre une vid\u00e9o d\u2019hypnose r\u00e9gressive \u00e9sot\u00e9rique de Calogero Grifasi, et c\u2019est une \u00e9vidence, il faut que je me forme \u00e0 cette m\u00e9thode.<\/p>\n\n\n\n<p>Depuis, au fil des exp\u00e9riences et de d\u00e9couvertes en d\u00e9couvertes ma pratique \u00e9volue et s\u2019adapte aux vibrations des personnes dans le respect de leur volont\u00e9 de s\u2019all\u00e9ger.<\/p>\n\n\n\n<div class=\"wp-block-stackable-divider stk-block-divider stk-block stk-2462963 is-style-bar\" data-block-id=\"2462963\"><style>.stk-2462963{margin-bottom:20px !important}.stk-2462963 hr.stk-block-divider__hr{background:var(--paletteColor2,#4b7878) !important;border-radius:calc(4px \/ 2) !important;height:4px !important;width:5% !important}<\/style><hr class=\"stk-block-divider__hr\"\/><\/div>\n\n\n\n<div class=\"wp-block-stackable-image stk-block-image has-text-align-center stk-block stk-9b73655\" data-block-id=\"9b73655\"><style>.stk-9b73655{box-shadow:none !important}.stk-9b73655 .stk-img-wrapper{width:25% !important;filter:drop-shadow(none) !important;--stk-gradient-overlay:0.1 !important}.stk-9b73655 .stk-img-wrapper img{border-radius:76px !important;object-position:72% 47% !important}.stk-9b73655 .stk-img-wrapper::after{background-color:var(--paletteColor8,#ffffff) !important}<\/style><figure class=\"stk-img-wrapper stk-image--shape-stretch stk--shadow-none\"><img loading=\"lazy\" decoding=\"async\" class=\"stk-img wp-image-924\" src=\"http:\/\/fabienne-b-hypnose.fr\/wp-content\/uploads\/2023\/12\/4F0886DB-6A68-4678-ACBE-09ADBFFC5D5F_1_105_c-e1701699388487.jpeg\" width=\"761\" height=\"925\"\/><\/figure><\/div>\n","protected":false},"excerpt":{"rendered":"<p>Fabienne Brial Un peu de mon parcours : je pratique les soins \u00e9nerg\u00e9tiques depuis plusieurs ann\u00e9es en direct. Un jour, je d\u00e9couvre une vid\u00e9o d\u2019hypnose r\u00e9gressive \u00e9sot\u00e9rique de Calogero Grifasi, et c\u2019est une \u00e9vidence, il faut que je me forme \u00e0 cette m\u00e9thode. Depuis, au fil des exp\u00e9riences et de d\u00e9couvertes en d\u00e9couvertes ma pratique [&hellip;]<\/p>\n","protected":false},"author":1,"featured_media":0,"parent":0,"menu_order":0,"comment_status":"closed","ping_status":"closed","template":"","meta":{"footnotes":""},"class_list":["post-656","page","type-page","status-publish","hentry"],"blocksy_meta":{"page_title_panel":"","has_hero_section":"disabled","f3f8f49fb10cdf60f245ab9c8d61436e":"","hero_section":"type-1","hero_elements":[{"id":"custom_title","enabled":true,"heading_tag":"h1","title":"Home"},{"id":"custom_description","enabled":true,"description_visibility":{"desktop":true,"tablet":true,"mobile":false}},{"id":"custom_meta","enabled":false,"meta_elements":[{"id":"author","enabled":true,"label":"By","has_author_avatar":"yes","avatar_size":25},{"id":"post_date","enabled":true,"label":"On","date_format_source":"default","date_format":"M j, Y"},{"id":"updated_date","enabled":false,"label":"On","date_format_source":"default","date_format":"M j, Y"},{"id":"categories","enabled":false,"label":"In","style":"simple"},{"id":"comments","enabled":true}],"page_meta_elements":{"joined":true,"articles_count":true,"comments":true}},{"id":"breadcrumbs","enabled":false}],"442407010c59f3ff91e57db40c13aa51":"","hero_alignment1":"CT_CSS_SKIP_RULE","hero_margin":40,"hero_alignment2":"center","hero_vertical_alignment":"center","81921b98d6b487651b2df5d7a9d37022":"","hero_structure":"narrow","913c0035614d47b332bdecd7430ace76":"","page_title_bg_type":"featured_image","custom_hero_background":{"attachment_id":null},"parallax":{"desktop":false,"tablet":false,"mobile":false},"70967a6a7da28d6c770c344eb8409341":"","hero_height":"250px","pageTitleFont":{"family":"Default","variation":"Default","size":"30px","line-height":"CT_CSS_SKIP_RULE","letter-spacing":"CT_CSS_SKIP_RULE","text-transform":"CT_CSS_SKIP_RULE","text-decoration":"CT_CSS_SKIP_RULE"},"pageTitleFontColor":{"default":{"color":"CT_CSS_SKIP_RULEDEFAULT"}},"pageMetaFont":{"family":"Default","variation":"n6","size":"12px","line-height":"1.3","letter-spacing":"CT_CSS_SKIP_RULE","text-transform":"uppercase","text-decoration":"CT_CSS_SKIP_RULE"},"pageMetaFontColor":{"default":{"color":"CT_CSS_SKIP_RULEDEFAULT"},"hover":{"color":"CT_CSS_SKIP_RULEDEFAULT"}},"page_meta_button_type_font_colors":{"default":{"color":"CT_CSS_SKIP_RULEDEFAULT"},"hover":{"color":"CT_CSS_SKIP_RULEDEFAULT"}},"page_meta_button_type_background_colors":{"default":{"color":"CT_CSS_SKIP_RULEDEFAULT"},"hover":{"color":"CT_CSS_SKIP_RULEDEFAULT"}},"pageExcerptFont":{"family":"Default","variation":"Default","size":"CT_CSS_SKIP_RULE","line-height":"CT_CSS_SKIP_RULE","letter-spacing":"CT_CSS_SKIP_RULE","text-transform":"CT_CSS_SKIP_RULE","text-decoration":"CT_CSS_SKIP_RULE"},"pageExcerptColor":{"default":{"color":"CT_CSS_SKIP_RULEDEFAULT"}},"breadcrumbsFont":{"family":"Default","variation":"Default","size":"CT_CSS_SKIP_RULE","line-height":"CT_CSS_SKIP_RULE","letter-spacing":"CT_CSS_SKIP_RULE","text-transform":"CT_CSS_SKIP_RULE","text-decoration":"CT_CSS_SKIP_RULE"},"breadcrumbsFontColor":{"default":{"color":"CT_CSS_SKIP_RULEDEFAULT"},"initial":{"color":"CT_CSS_SKIP_RULEDEFAULT"},"hover":{"color":"CT_CSS_SKIP_RULEDEFAULT"}},"pageTitleOverlay":{"background_type":"color","background_pattern":"type-1","background_image":{"attachment_id":null,"x":0,"y":0},"gradient":"linear-gradient(135deg,rgba(6,147,227,1) 0%,rgb(155,81,224) 100%)","background_repeat":"repeat","background_size":"auto","background_attachment":"scroll","patternColor":{"default":{"color":"#e5e7ea"}},"overlayColor":{"default":{"color":"CT_CSS_SKIP_RULE"}},"backgroundColor":{"default":{"color":"CT_CSS_SKIP_RULE"}}},"pageTitleBackground":{"background_type":"color","background_pattern":"type-1","background_image":{"attachment_id":null,"x":0,"y":0},"gradient":"linear-gradient(135deg,rgba(6,147,227,1) 0%,rgb(155,81,224) 100%)","background_repeat":"repeat","background_size":"auto","background_attachment":"scroll","patternColor":{"default":{"color":"#e5e7ea"}},"overlayColor":{"default":{"color":"CT_CSS_SKIP_RULE"}},"backgroundColor":{"default":{"color":"var(--paletteColor6)"}}},"pageTitlePadding":{"top":"50px","bottom":"50px","left":"auto","right":"auto","linked":true},"2e05a9c38d0c36bceda7b14b88d788de":"","page_structure_type":"type-3","a94223346daed16993233c45c5846fc9":"","content_style_source":"inherit","content_style":"wide","vertical_spacing_source":"custom","content_area_spacing":"none","background":{"background_type":"color","background_pattern":"type-1","background_image":{"attachment_id":null,"x":0,"y":0},"gradient":"linear-gradient(135deg,rgba(6,147,227,1) 0%,rgb(155,81,224) 100%)","background_repeat":"repeat","background_size":"auto","background_attachment":"scroll","patternColor":{"default":{"color":"#e5e7ea"}},"overlayColor":{"default":{"color":"CT_CSS_SKIP_RULE"}},"backgroundColor":{"default":{"color":"CT_CSS_SKIP_RULE"}}},"content_background":{"background_type":"color","background_pattern":"type-1","background_image":{"attachment_id":null,"x":0,"y":0},"gradient":"linear-gradient(135deg,rgba(6,147,227,1) 0%,rgb(155,81,224) 100%)","background_repeat":"repeat","background_size":"auto","background_attachment":"scroll","patternColor":{"default":{"color":"#e5e7ea"}},"overlayColor":{"default":{"color":"CT_CSS_SKIP_RULE"}},"backgroundColor":{"default":{"color":"var(--paletteColor8)"}}},"content_boxed_shadow":{"inherit":false,"blur":18,"spread":-6,"v_offset":12,"h_offset":0,"inset":false,"enable":true,"color":{"color":"rgba(34, 56, 101, 0.04)"}},"boxed_content_spacing":{"desktop":{"top":"40px","bottom":"40px","left":"40px","right":"40px","linked":true},"tablet":{"top":"35px","bottom":"35px","left":"35px","right":"35px","linked":true},"mobile":{"top":"20px","bottom":"20px","left":"20px","right":"20px","linked":true}},"content_boxed_radius":{"top":"3px","bottom":"3px","left":"3px","right":"3px","linked":true},"3ada77dc07bfaa247452c0ce87b83283":"","disable_featured_image":"no","disable_share_box":"no","disable_header":"no","disable_footer":"no","c1520e0c171ff62a862cccd198b5db4e":"","fb478f72fd2442d74f9a24d0b83fc3f9":"","bd2a79c1e55e8ea1648cd7bfe31100b9":"","8b1b758c92ec3143f21c03d8591a8d87":"","60c3e69010b70c71047c30e24b496391":"","3f323aba5c21edcbae60598e44ec2755":"","79aff2cc484aad5b0d0e54c70ae3c7a2":"","d461672d81a9f08f7a33c656f44f91e8":""},"featured_image_urls":{"full":"","thumbnail":"","medium":"","medium_large":"","large":"","1536x1536":"","2048x2048":""},"post_excerpt_stackable":"<p>Fabienne Brial Un peu de mon parcours : je pratique les soins \u00e9nerg\u00e9tiques depuis plusieurs ann\u00e9es en direct. Un jour, je d\u00e9couvre une vid\u00e9o d\u2019hypnose r\u00e9gressive \u00e9sot\u00e9rique de Calogero Grifasi, et c\u2019est une \u00e9vidence, il faut que je me forme \u00e0 cette m\u00e9thode. Depuis, au fil des exp\u00e9riences et de d\u00e9couvertes en d\u00e9couvertes ma pratique \u00e9volue et s\u2019adapte aux vibrations des personnes dans le respect de leur volont\u00e9 de s\u2019all\u00e9ger.<\/p>\n","category_list":"","author_info":{"name":"admin4081","url":"https:\/\/fabienne-b-hypnose.fr\/index.php\/author\/admin4081\/"},"comments_num":"0 comments","_links":{"self":[{"href":"https:\/\/fabienne-b-hypnose.fr\/index.php\/wp-json\/wp\/v2\/pages\/656","targetHints":{"allow":["GET"]}}],"collection":[{"href":"https:\/\/fabienne-b-hypnose.fr\/index.php\/wp-json\/wp\/v2\/pages"}],"about":[{"href":"https:\/\/fabienne-b-hypnose.fr\/index.php\/wp-json\/wp\/v2\/types\/page"}],"author":[{"embeddable":true,"href":"https:\/\/fabienne-b-hypnose.fr\/index.php\/wp-json\/wp\/v2\/users\/1"}],"replies":[{"embeddable":true,"href":"https:\/\/fabienne-b-hypnose.fr\/index.php\/wp-json\/wp\/v2\/comments?post=656"}],"version-history":[{"count":26,"href":"https:\/\/fabienne-b-hypnose.fr\/index.php\/wp-json\/wp\/v2\/pages\/656\/revisions"}],"predecessor-version":[{"id":931,"href":"https:\/\/fabienne-b-hypnose.fr\/index.php\/wp-json\/wp\/v2\/pages\/656\/revisions\/931"}],"wp:attachment":[{"href":"https:\/\/fabienne-b-hypnose.fr\/index.php\/wp-json\/wp\/v2\/media?parent=656"}],"curies":[{"name":"wp","href":"https:\/\/api.w.org\/{rel}","templated":true}]}}