{"id":843,"date":"2023-11-28T19:31:37","date_gmt":"2023-11-28T18:31:37","guid":{"rendered":"https:\/\/fabienne-b-hypnose.fr\/?page_id=843"},"modified":"2026-02-05T10:25:56","modified_gmt":"2026-02-05T09:25:56","slug":"qi-gong-et-mudras","status":"publish","type":"page","link":"https:\/\/fabienne-b-hypnose.fr\/index.php\/qi-gong-et-mudras\/","title":{"rendered":"Tarifs"},"content":{"rendered":"\n<div class=\"wp-block-stackable-heading stk-block-heading stk-block-heading--v2 stk-block stk-b52156e\" data-block-id=\"b52156e\"><style>.stk-b52156e{margin-top:100px !important}<\/style><h2 class=\"stk-block-heading__text has-text-align-center stk-block-heading--use-theme-margins\"><\/h2><\/div>\n\n\n\n<p><strong>FORMATIONS<\/strong><\/p>\n\n\n\n<p>                                         <strong>Niveau 1<\/strong><\/p>\n\n\n\n<p>Le co\u00fbt total de la formation est de 625 \u20ac qui se r\u00e8gleront comme suit :<\/p>\n\n\n\n<ul class=\"wp-block-list\">\n<li>310 \u20ac \u00e0 Fabienne<\/li>\n\n\n\n<li>315 \u20ac \u00e0 Val\u00e9rie<\/li>\n<\/ul>\n\n\n\n<p>\u200bPaiement PayPal ou virement bancaire.<\/p>\n\n\n\n<p>Possibilit\u00e9 pour Val\u00e9rie seulement de r\u00e9gler en 4x ou 5x ou 10x avec frais, merci de nous en faire part lors de votre inscription.<\/p>\n\n\n\n<p>Possibilit\u00e9 de r\u00e9gler pour Fabienne en 2x ou 4x, merci de nous en faire part \u00e9galement.<\/p>\n\n\n\n<p><\/p>\n\n\n\n<p>                                        <strong>Niveau 2<\/strong> : deux modules distincts.<\/p>\n\n\n\n<p>Pour un Module 170 \u20ac&nbsp;(4h30) :&nbsp;<\/p>\n\n\n\n<ul class=\"wp-block-list\">\n<li>85 \u20ac Fabienne<\/li>\n\n\n\n<li>85 \u20ac Val\u00e9rie<\/li>\n<\/ul>\n\n\n\n<p><\/p>\n\n\n\n<p><\/p>\n\n\n\n<p><strong>Ateliers initiation \u00e0 la t\u00e9l\u00e9pathie <\/strong>120 \u20ac&nbsp;(4h) :&nbsp;<\/p>\n\n\n\n<ul class=\"wp-block-list\">\n<li>60 \u20ac \u00e0 Fabienne<\/li>\n\n\n\n<li>60 \u20ac \u00e0 Val\u00e9rie<\/li>\n<\/ul>\n\n\n\n<p>\u200b<\/p>\n\n\n\n<p><strong>Entrainements \u00e0 la t\u00e9l\u00e9pathie<\/strong> 60 \u20ac&nbsp;(2h) :<\/p>\n\n\n\n<ul class=\"wp-block-list\">\n<li>30 \u20ac \u00e0 Fabienne<\/li>\n\n\n\n<li>30 \u20ac \u00e0 Val\u00e9rie<\/li>\n<\/ul>\n\n\n\n<p>\u200b<\/p>\n\n\n\n<p><\/p>\n","protected":false},"excerpt":{"rendered":"<p>FORMATIONS Niveau 1 Le co\u00fbt total de la formation est de 625 \u20ac qui se r\u00e8gleront comme suit : \u200bPaiement PayPal ou virement bancaire. Possibilit\u00e9 pour Val\u00e9rie seulement de r\u00e9gler en 4x ou 5x ou 10x avec frais, merci de nous en faire part lors de votre inscription. Possibilit\u00e9 de r\u00e9gler pour Fabienne en 2x [&hellip;]<\/p>\n","protected":false},"author":1,"featured_media":0,"parent":0,"menu_order":0,"comment_status":"closed","ping_status":"closed","template":"","meta":{"footnotes":""},"class_list":["post-843","page","type-page","status-publish","hentry"],"blocksy_meta":{"page_structure_type":"type-3","has_hero_section":"disabled","hero_section":"type-2","hero_elements":[{"id":"custom_title","enabled":true,"heading_tag":"h1","title":"Accueil","__id":"8XtJWxYk9kV8wWDVwge5F"},{"id":"custom_description","enabled":false,"description_visibility":{"desktop":true,"tablet":true,"mobile":false},"__id":"V8f-QloeB5NmOZ5QrCN_x"},{"id":"custom_meta","enabled":false,"meta_elements":[{"id":"author","enabled":true,"label":"Par","has_author_avatar":"yes","avatar_size":25},{"id":"post_date","enabled":true,"label":"Sur","date_format_source":"default","date_format":"M j, Y"},{"id":"updated_date","enabled":false,"label":"Sur","date_format_source":"default","date_format":"M j, Y"},{"id":"categories","enabled":false,"label":"Dans","style":"simple"},{"id":"comments","enabled":true}],"page_meta_elements":{"joined":true,"articles_count":true,"comments":true},"__id":"7UzQhYvH82vhVyNCahbaY"},{"id":"breadcrumbs","enabled":false,"__id":"pFDxq1fBfN5cdVaH4t_jx"}],"pageTitleOverlay":{"background_type":"color","background_pattern":"type-1","background_image":{"attachment_id":null,"x":0,"y":0},"gradient":"linear-gradient(135deg,rgba(6,147,227,1) 0%,rgb(155,81,224) 100%)","background_repeat":"repeat","background_size":"auto","background_attachment":"scroll","patternColor":{"default":{"color":"#e5e7ea"}},"overlayColor":{"default":{"color":"CT_CSS_SKIP_RULE"}},"backgroundColor":{"default":{"color":"var(--paletteColor8)"}}},"pageTitleBackground":{"background_type":"color","background_pattern":"type-1","background_image":{"attachment_id":null,"x":0,"y":0},"gradient":"linear-gradient(135deg,rgba(6,147,227,1) 0%,rgb(155,81,224) 100%)","background_repeat":"repeat","background_size":"auto","background_attachment":"scroll","patternColor":{"default":{"color":"#e5e7ea"}},"overlayColor":{"default":{"color":"CT_CSS_SKIP_RULE"}},"backgroundColor":{"default":{"color":"var(--paletteColor8)"}}}},"featured_image_urls":{"full":"","thumbnail":"","medium":"","medium_large":"","large":"","1536x1536":"","2048x2048":""},"post_excerpt_stackable":"<p>FORMATIONS Niveau 1 Le co\u00fbt total de la formation est de 625 \u20ac qui se r\u00e8gleront comme suit : 310 \u20ac \u00e0 Fabienne 315 \u20ac \u00e0 Val\u00e9rie \u200bPaiement PayPal ou virement bancaire. Possibilit\u00e9 pour Val\u00e9rie seulement de r\u00e9gler en 4x ou 5x ou 10x avec frais, merci de nous en faire part lors de votre inscription. Possibilit\u00e9 de r\u00e9gler pour Fabienne en 2x ou 4x, merci de nous en faire part \u00e9galement. Niveau 2 : deux modules distincts. Pour un Module 170 \u20ac&nbsp;(4h30) :&nbsp; 85 \u20ac Fabienne 85 \u20ac Val\u00e9rie Ateliers initiation \u00e0 la t\u00e9l\u00e9pathie 120 \u20ac&nbsp;(4h) :&nbsp; 60 \u20ac&hellip;<\/p>\n","category_list":"","author_info":{"name":"admin4081","url":"https:\/\/fabienne-b-hypnose.fr\/index.php\/author\/admin4081\/"},"comments_num":"0 comments","_links":{"self":[{"href":"https:\/\/fabienne-b-hypnose.fr\/index.php\/wp-json\/wp\/v2\/pages\/843","targetHints":{"allow":["GET"]}}],"collection":[{"href":"https:\/\/fabienne-b-hypnose.fr\/index.php\/wp-json\/wp\/v2\/pages"}],"about":[{"href":"https:\/\/fabienne-b-hypnose.fr\/index.php\/wp-json\/wp\/v2\/types\/page"}],"author":[{"embeddable":true,"href":"https:\/\/fabienne-b-hypnose.fr\/index.php\/wp-json\/wp\/v2\/users\/1"}],"replies":[{"embeddable":true,"href":"https:\/\/fabienne-b-hypnose.fr\/index.php\/wp-json\/wp\/v2\/comments?post=843"}],"version-history":[{"count":16,"href":"https:\/\/fabienne-b-hypnose.fr\/index.php\/wp-json\/wp\/v2\/pages\/843\/revisions"}],"predecessor-version":[{"id":1085,"href":"https:\/\/fabienne-b-hypnose.fr\/index.php\/wp-json\/wp\/v2\/pages\/843\/revisions\/1085"}],"wp:attachment":[{"href":"https:\/\/fabienne-b-hypnose.fr\/index.php\/wp-json\/wp\/v2\/media?parent=843"}],"curies":[{"name":"wp","href":"https:\/\/api.w.org\/{rel}","templated":true}]}}